{"id":316,"date":"2013-02-12T19:46:49","date_gmt":"2013-02-12T18:46:49","guid":{"rendered":"http:\/\/www.crocedelmoro.it\/home\/?page_id=316"},"modified":"2013-03-14T09:38:52","modified_gmt":"2013-03-14T08:38:52","slug":"il-giardino","status":"publish","type":"page","link":"https:\/\/www.crocedelmoro.it\/home\/?page_id=316","title":{"rendered":"Il Giardino"},"content":{"rendered":"<table width=\"80%\" border=\"0\" cellspacing=\"0\" cellpadding=\"0\">\n<tbody>\n<tr>\n<td><a href=\"https:\/\/www.crocedelmoro.it\/home\/?page_id=249\">Il Casale<\/a><\/td>\n<td><a href=\"https:\/\/www.crocedelmoro.it\/home\/?page_id=262\">Il Ristorante<\/a><\/td>\n<td><a href=\"https:\/\/www.crocedelmoro.it\/home\/?page_id=285\">Le Camere<\/a><\/td>\n<td><a href=\"https:\/\/www.crocedelmoro.it\/home\/?page_id=305\">La Piscina<\/a><\/td>\n<td><a href=\"https:\/\/www.crocedelmoro.it\/home\/?page_id=316\">Il Giardino<\/a><\/td>\n<\/tr>\n<\/tbody>\n<\/table>\n<p><div class=\"container section\"><\/div><div class=\"full-width column\"><\/div><h1 class=\" left \"><span>Il Giardino<\/span><\/h1><\/p>\n<p>Un gioiello impreziosito dalle bellezze della natura. Il nostro giardino \u00e8 un luogo dove si pu\u00f2 rivivere il gusto leggero per quei profumi e quei colori, che nella nostra quotidianit\u00e0 cittadina abbiamo perso, ormai,<br \/>\nda troppo tempo. Potrete passeggiare attraverso fiori, alberi e fantastiche vedute, mentre i pi\u00f9 piccoli si divertiranno a correre sul prato o a giocare sullo scivolo, sul dondolo e con gli altri giochi.<\/p>\n<p>Una delle strutture pi\u00f9 apprezzate \u00e8 la piscina.<br \/>\n\u00c8 il luogo adatto per un po\u2019 di attivit\u00e0 fisica o per un momento di relax. Aperto a tutti, \u00e8 particolarmente indicato per coloro che vogliono passare una giornata a godersi i benefici di un bagno immersi nell\u2019acqua e in un luogo da sogno.<\/p>\n\n\t\t<style type=\"text\/css\">\n\t\t\t#gallery-1 {\n\t\t\t\tmargin: auto;\n\t\t\t}\n\t\t\t#gallery-1 .gallery-item {\n\t\t\t\tfloat: left;\n\t\t\t\tmargin-top: 10px;\n\t\t\t\ttext-align: center;\n\t\t\t\twidth: 33%;\n\t\t\t}\n\t\t\t#gallery-1 img {\n\t\t\t\tborder: 2px solid #cfcfcf;\n\t\t\t}\n\t\t\t#gallery-1 .gallery-caption {\n\t\t\t\tmargin-left: 0;\n\t\t\t}\n\t\t\t\/* see gallery_shortcode() in wp-includes\/media.php *\/\n\t\t<\/style>\n\t\t<div id='gallery-1' class='gallery galleryid-316 gallery-columns-3 gallery-size-thumbnail'><dl class='gallery-item'>\n\t\t\t<dt class='gallery-icon landscape'>\n\t\t\t\t<a href='https:\/\/www.crocedelmoro.it\/home\/?attachment_id=317'><img width=\"150\" height=\"150\" src=\"https:\/\/www.crocedelmoro.it\/home\/wp-content\/uploads\/2013\/02\/giardino01-150x150.jpg\" class=\"attachment-thumbnail size-thumbnail\" alt=\"\" loading=\"lazy\" srcset=\"https:\/\/www.crocedelmoro.it\/home\/wp-content\/uploads\/2013\/02\/giardino01-150x150.jpg 150w, https:\/\/www.crocedelmoro.it\/home\/wp-content\/uploads\/2013\/02\/giardino01-50x50.jpg 50w\" sizes=\"(max-width: 150px) 100vw, 150px\" \/><\/a>\n\t\t\t<\/dt><\/dl><dl class='gallery-item'>\n\t\t\t<dt class='gallery-icon landscape'>\n\t\t\t\t<a href='https:\/\/www.crocedelmoro.it\/home\/?attachment_id=318'><img width=\"150\" height=\"150\" src=\"https:\/\/www.crocedelmoro.it\/home\/wp-content\/uploads\/2013\/02\/giardino02-150x150.jpg\" class=\"attachment-thumbnail size-thumbnail\" alt=\"\" loading=\"lazy\" srcset=\"https:\/\/www.crocedelmoro.it\/home\/wp-content\/uploads\/2013\/02\/giardino02-150x150.jpg 150w, https:\/\/www.crocedelmoro.it\/home\/wp-content\/uploads\/2013\/02\/giardino02-50x50.jpg 50w\" sizes=\"(max-width: 150px) 100vw, 150px\" \/><\/a>\n\t\t\t<\/dt><\/dl><dl class='gallery-item'>\n\t\t\t<dt class='gallery-icon landscape'>\n\t\t\t\t<a href='https:\/\/www.crocedelmoro.it\/home\/?attachment_id=319'><img width=\"150\" height=\"150\" src=\"https:\/\/www.crocedelmoro.it\/home\/wp-content\/uploads\/2013\/02\/giardino03-150x150.jpg\" class=\"attachment-thumbnail size-thumbnail\" alt=\"\" loading=\"lazy\" srcset=\"https:\/\/www.crocedelmoro.it\/home\/wp-content\/uploads\/2013\/02\/giardino03-150x150.jpg 150w, https:\/\/www.crocedelmoro.it\/home\/wp-content\/uploads\/2013\/02\/giardino03-50x50.jpg 50w\" sizes=\"(max-width: 150px) 100vw, 150px\" \/><\/a>\n\t\t\t<\/dt><\/dl><br style=\"clear: both\" \/><dl class='gallery-item'>\n\t\t\t<dt class='gallery-icon landscape'>\n\t\t\t\t<a href='https:\/\/www.crocedelmoro.it\/home\/?attachment_id=320'><img width=\"150\" height=\"150\" src=\"https:\/\/www.crocedelmoro.it\/home\/wp-content\/uploads\/2013\/02\/giardino04-150x150.jpg\" class=\"attachment-thumbnail size-thumbnail\" alt=\"\" loading=\"lazy\" srcset=\"https:\/\/www.crocedelmoro.it\/home\/wp-content\/uploads\/2013\/02\/giardino04-150x150.jpg 150w, https:\/\/www.crocedelmoro.it\/home\/wp-content\/uploads\/2013\/02\/giardino04-50x50.jpg 50w\" sizes=\"(max-width: 150px) 100vw, 150px\" \/><\/a>\n\t\t\t<\/dt><\/dl><dl class='gallery-item'>\n\t\t\t<dt class='gallery-icon landscape'>\n\t\t\t\t<a href='https:\/\/www.crocedelmoro.it\/home\/?attachment_id=321'><img width=\"150\" height=\"150\" src=\"https:\/\/www.crocedelmoro.it\/home\/wp-content\/uploads\/2013\/02\/giardino05-150x150.jpg\" class=\"attachment-thumbnail size-thumbnail\" alt=\"\" loading=\"lazy\" srcset=\"https:\/\/www.crocedelmoro.it\/home\/wp-content\/uploads\/2013\/02\/giardino05-150x150.jpg 150w, https:\/\/www.crocedelmoro.it\/home\/wp-content\/uploads\/2013\/02\/giardino05-50x50.jpg 50w\" sizes=\"(max-width: 150px) 100vw, 150px\" \/><\/a>\n\t\t\t<\/dt><\/dl><dl class='gallery-item'>\n\t\t\t<dt class='gallery-icon landscape'>\n\t\t\t\t<a href='https:\/\/www.crocedelmoro.it\/home\/?attachment_id=322'><img width=\"150\" height=\"150\" src=\"https:\/\/www.crocedelmoro.it\/home\/wp-content\/uploads\/2013\/02\/giardino06-150x150.jpg\" class=\"attachment-thumbnail size-thumbnail\" alt=\"\" loading=\"lazy\" srcset=\"https:\/\/www.crocedelmoro.it\/home\/wp-content\/uploads\/2013\/02\/giardino06-150x150.jpg 150w, https:\/\/www.crocedelmoro.it\/home\/wp-content\/uploads\/2013\/02\/giardino06-50x50.jpg 50w\" sizes=\"(max-width: 150px) 100vw, 150px\" \/><\/a>\n\t\t\t<\/dt><\/dl><br style=\"clear: both\" \/>\n\t\t<\/div>\n\n<p>&nbsp;<\/p>\n","protected":false},"excerpt":{"rendered":"<p>Il Casale Il Ristorante Le Camere La Piscina Il Giardino Un gioiello impreziosito dalle bellezze della natura. Il nostro giardino \u00e8 un luogo dove si pu\u00f2 rivivere il gusto leggero per quei profumi e quei colori, che nella nostra quotidianit\u00e0 cittadina abbiamo perso, ormai, da troppo tempo. Potrete passeggiare attraverso fiori, alberi e fantastiche vedute, &#8230;<\/p>\n","protected":false},"author":3,"featured_media":0,"parent":249,"menu_order":0,"comment_status":"open","ping_status":"closed","template":"","meta":[],"yoast_head":"<!-- This site is optimized with the Yoast SEO plugin v16.7 - https:\/\/yoast.com\/wordpress\/plugins\/seo\/ -->\n<meta name=\"robots\" content=\"index, follow, max-snippet:-1, max-image-preview:large, max-video-preview:-1\" \/>\n<link rel=\"canonical\" href=\"https:\/\/www.crocedelmoro.it\/home\/?page_id=316\" \/>\n<meta property=\"og:locale\" content=\"it_IT\" \/>\n<meta property=\"og:type\" content=\"article\" \/>\n<meta property=\"og:title\" content=\"Il Giardino - Croce del Moro\" \/>\n<meta property=\"og:description\" content=\"Il Casale Il Ristorante Le Camere La Piscina Il Giardino Un gioiello impreziosito dalle bellezze della natura. Il nostro giardino \u00e8 un luogo dove si pu\u00f2 rivivere il gusto leggero per quei profumi e quei colori, che nella nostra quotidianit\u00e0 cittadina abbiamo perso, ormai, da troppo tempo. Potrete passeggiare attraverso fiori, alberi e fantastiche vedute, ...\" \/>\n<meta property=\"og:url\" content=\"https:\/\/www.crocedelmoro.it\/home\/?page_id=316\" \/>\n<meta property=\"og:site_name\" content=\"Croce del Moro\" \/>\n<meta property=\"article:modified_time\" content=\"2013-03-14T08:38:52+00:00\" \/>\n<meta property=\"og:image\" content=\"https:\/\/www.crocedelmoro.it\/home\/wp-content\/uploads\/2013\/02\/giardino01-150x150.jpg\" \/>\n<meta name=\"twitter:label1\" content=\"Tempo di lettura stimato\" \/>\n\t<meta name=\"twitter:data1\" content=\"1 minuto\" \/>\n<script type=\"application\/ld+json\" class=\"yoast-schema-graph\">{\"@context\":\"https:\/\/schema.org\",\"@graph\":[{\"@type\":\"WebSite\",\"@id\":\"https:\/\/www.crocedelmoro.it\/home\/#website\",\"url\":\"https:\/\/www.crocedelmoro.it\/home\/\",\"name\":\"Croce del Moro\",\"description\":\"Azienda agrituristica\",\"potentialAction\":[{\"@type\":\"SearchAction\",\"target\":{\"@type\":\"EntryPoint\",\"urlTemplate\":\"https:\/\/www.crocedelmoro.it\/home\/?s={search_term_string}\"},\"query-input\":\"required name=search_term_string\"}],\"inLanguage\":\"it-IT\"},{\"@type\":\"WebPage\",\"@id\":\"https:\/\/www.crocedelmoro.it\/home\/?page_id=316#webpage\",\"url\":\"https:\/\/www.crocedelmoro.it\/home\/?page_id=316\",\"name\":\"Il Giardino - Croce del Moro\",\"isPartOf\":{\"@id\":\"https:\/\/www.crocedelmoro.it\/home\/#website\"},\"datePublished\":\"2013-02-12T18:46:49+00:00\",\"dateModified\":\"2013-03-14T08:38:52+00:00\",\"breadcrumb\":{\"@id\":\"https:\/\/www.crocedelmoro.it\/home\/?page_id=316#breadcrumb\"},\"inLanguage\":\"it-IT\",\"potentialAction\":[{\"@type\":\"ReadAction\",\"target\":[\"https:\/\/www.crocedelmoro.it\/home\/?page_id=316\"]}]},{\"@type\":\"BreadcrumbList\",\"@id\":\"https:\/\/www.crocedelmoro.it\/home\/?page_id=316#breadcrumb\",\"itemListElement\":[{\"@type\":\"ListItem\",\"position\":1,\"name\":\"Il Casale\",\"item\":\"https:\/\/www.crocedelmoro.it\/home\/?page_id=249\"},{\"@type\":\"ListItem\",\"position\":2,\"name\":\"Il Giardino\"}]}]}<\/script>\n<!-- \/ Yoast SEO plugin. -->","yoast_head_json":{"robots":{"index":"index","follow":"follow","max-snippet":"max-snippet:-1","max-image-preview":"max-image-preview:large","max-video-preview":"max-video-preview:-1"},"canonical":"https:\/\/www.crocedelmoro.it\/home\/?page_id=316","og_locale":"it_IT","og_type":"article","og_title":"Il Giardino - Croce del Moro","og_description":"Il Casale Il Ristorante Le Camere La Piscina Il Giardino Un gioiello impreziosito dalle bellezze della natura. Il nostro giardino \u00e8 un luogo dove si pu\u00f2 rivivere il gusto leggero per quei profumi e quei colori, che nella nostra quotidianit\u00e0 cittadina abbiamo perso, ormai, da troppo tempo. Potrete passeggiare attraverso fiori, alberi e fantastiche vedute, ...","og_url":"https:\/\/www.crocedelmoro.it\/home\/?page_id=316","og_site_name":"Croce del Moro","article_modified_time":"2013-03-14T08:38:52+00:00","og_image":[{"url":"https:\/\/www.crocedelmoro.it\/home\/wp-content\/uploads\/2013\/02\/giardino01-150x150.jpg"}],"twitter_misc":{"Tempo di lettura stimato":"1 minuto"},"schema":{"@context":"https:\/\/schema.org","@graph":[{"@type":"WebSite","@id":"https:\/\/www.crocedelmoro.it\/home\/#website","url":"https:\/\/www.crocedelmoro.it\/home\/","name":"Croce del Moro","description":"Azienda agrituristica","potentialAction":[{"@type":"SearchAction","target":{"@type":"EntryPoint","urlTemplate":"https:\/\/www.crocedelmoro.it\/home\/?s={search_term_string}"},"query-input":"required name=search_term_string"}],"inLanguage":"it-IT"},{"@type":"WebPage","@id":"https:\/\/www.crocedelmoro.it\/home\/?page_id=316#webpage","url":"https:\/\/www.crocedelmoro.it\/home\/?page_id=316","name":"Il Giardino - Croce del Moro","isPartOf":{"@id":"https:\/\/www.crocedelmoro.it\/home\/#website"},"datePublished":"2013-02-12T18:46:49+00:00","dateModified":"2013-03-14T08:38:52+00:00","breadcrumb":{"@id":"https:\/\/www.crocedelmoro.it\/home\/?page_id=316#breadcrumb"},"inLanguage":"it-IT","potentialAction":[{"@type":"ReadAction","target":["https:\/\/www.crocedelmoro.it\/home\/?page_id=316"]}]},{"@type":"BreadcrumbList","@id":"https:\/\/www.crocedelmoro.it\/home\/?page_id=316#breadcrumb","itemListElement":[{"@type":"ListItem","position":1,"name":"Il Casale","item":"https:\/\/www.crocedelmoro.it\/home\/?page_id=249"},{"@type":"ListItem","position":2,"name":"Il Giardino"}]}]}},"_links":{"self":[{"href":"https:\/\/www.crocedelmoro.it\/home\/index.php?rest_route=\/wp\/v2\/pages\/316"}],"collection":[{"href":"https:\/\/www.crocedelmoro.it\/home\/index.php?rest_route=\/wp\/v2\/pages"}],"about":[{"href":"https:\/\/www.crocedelmoro.it\/home\/index.php?rest_route=\/wp\/v2\/types\/page"}],"author":[{"embeddable":true,"href":"https:\/\/www.crocedelmoro.it\/home\/index.php?rest_route=\/wp\/v2\/users\/3"}],"replies":[{"embeddable":true,"href":"https:\/\/www.crocedelmoro.it\/home\/index.php?rest_route=%2Fwp%2Fv2%2Fcomments&post=316"}],"version-history":[{"count":6,"href":"https:\/\/www.crocedelmoro.it\/home\/index.php?rest_route=\/wp\/v2\/pages\/316\/revisions"}],"predecessor-version":[{"id":573,"href":"https:\/\/www.crocedelmoro.it\/home\/index.php?rest_route=\/wp\/v2\/pages\/316\/revisions\/573"}],"up":[{"embeddable":true,"href":"https:\/\/www.crocedelmoro.it\/home\/index.php?rest_route=\/wp\/v2\/pages\/249"}],"wp:attachment":[{"href":"https:\/\/www.crocedelmoro.it\/home\/index.php?rest_route=%2Fwp%2Fv2%2Fmedia&parent=316"}],"curies":[{"name":"wp","href":"https:\/\/api.w.org\/{rel}","templated":true}]}}