{"id":305,"date":"2013-02-12T19:42:21","date_gmt":"2013-02-12T18:42:21","guid":{"rendered":"http:\/\/www.crocedelmoro.it\/home\/?page_id=305"},"modified":"2013-02-13T09:47:50","modified_gmt":"2013-02-13T08:47:50","slug":"la-piscina","status":"publish","type":"page","link":"https:\/\/www.crocedelmoro.it\/home\/?page_id=305","title":{"rendered":"La Piscina"},"content":{"rendered":"<table width=\"80%\" border=\"0\" cellspacing=\"0\" cellpadding=\"0\">\n<tr>\n<td><a href=\"https:\/\/www.crocedelmoro.it\/home\/?page_id=249\">Il Casale<\/a><\/td>\n<td><a href=\"https:\/\/www.crocedelmoro.it\/home\/?page_id=262\">Il Ristorante<\/a><\/td>\n<td><a href=\"https:\/\/www.crocedelmoro.it\/home\/?page_id=285\">Le Camere<\/a><\/td>\n<td><a href=\"https:\/\/www.crocedelmoro.it\/home\/?page_id=305\">La Piscina<\/a><\/td>\n<td><a href=\"https:\/\/www.crocedelmoro.it\/home\/?page_id=316\">Il Giardino<\/a><\/td>\n<\/tr>\n<\/table>\n<p><div class=\"container section\"><\/div><div class=\"full-width column\"><\/div><h1 class=\" left \"><span>La Piscina<\/span><\/h1> <\/p>\n<p>Tutta la famiglia ha la possibilit\u00e0 di divertirsi all&#8217;agriturismo Croce del Moro. La struttura \u00e8 dotata di un&#8217;ampia piscina con varie profondit\u00e0 adatte a tutte le et\u00e0 e gradi di esperienza. Una bella piscina in mezzo alla natura e perfettamente in linea con l&#8217;atmosfera rilassante e rigenerante dell&#8217;agriturismo<\/p>\n\n\t\t<style type=\"text\/css\">\n\t\t\t#gallery-1 {\n\t\t\t\tmargin: auto;\n\t\t\t}\n\t\t\t#gallery-1 .gallery-item {\n\t\t\t\tfloat: left;\n\t\t\t\tmargin-top: 10px;\n\t\t\t\ttext-align: center;\n\t\t\t\twidth: 20%;\n\t\t\t}\n\t\t\t#gallery-1 img {\n\t\t\t\tborder: 2px solid #cfcfcf;\n\t\t\t}\n\t\t\t#gallery-1 .gallery-caption {\n\t\t\t\tmargin-left: 0;\n\t\t\t}\n\t\t\t\/* see gallery_shortcode() in wp-includes\/media.php *\/\n\t\t<\/style>\n\t\t<div id='gallery-1' class='gallery galleryid-305 gallery-columns-5 gallery-size-thumbnail'><dl class='gallery-item'>\n\t\t\t<dt class='gallery-icon landscape'>\n\t\t\t\t<a href='https:\/\/www.crocedelmoro.it\/home\/wp-content\/uploads\/2013\/02\/piscina01.jpg'><img width=\"150\" height=\"150\" src=\"https:\/\/www.crocedelmoro.it\/home\/wp-content\/uploads\/2013\/02\/piscina01-150x150.jpg\" class=\"attachment-thumbnail size-thumbnail\" alt=\"\" loading=\"lazy\" srcset=\"https:\/\/www.crocedelmoro.it\/home\/wp-content\/uploads\/2013\/02\/piscina01-150x150.jpg 150w, https:\/\/www.crocedelmoro.it\/home\/wp-content\/uploads\/2013\/02\/piscina01-50x50.jpg 50w\" sizes=\"(max-width: 150px) 100vw, 150px\" \/><\/a>\n\t\t\t<\/dt><\/dl><dl class='gallery-item'>\n\t\t\t<dt class='gallery-icon landscape'>\n\t\t\t\t<a href='https:\/\/www.crocedelmoro.it\/home\/wp-content\/uploads\/2013\/02\/piscina02.jpg'><img width=\"150\" height=\"150\" src=\"https:\/\/www.crocedelmoro.it\/home\/wp-content\/uploads\/2013\/02\/piscina02-150x150.jpg\" class=\"attachment-thumbnail size-thumbnail\" alt=\"\" loading=\"lazy\" srcset=\"https:\/\/www.crocedelmoro.it\/home\/wp-content\/uploads\/2013\/02\/piscina02-150x150.jpg 150w, https:\/\/www.crocedelmoro.it\/home\/wp-content\/uploads\/2013\/02\/piscina02-50x50.jpg 50w\" sizes=\"(max-width: 150px) 100vw, 150px\" \/><\/a>\n\t\t\t<\/dt><\/dl><dl class='gallery-item'>\n\t\t\t<dt class='gallery-icon landscape'>\n\t\t\t\t<a href='https:\/\/www.crocedelmoro.it\/home\/wp-content\/uploads\/2013\/02\/piscina03.jpg'><img width=\"150\" height=\"150\" src=\"https:\/\/www.crocedelmoro.it\/home\/wp-content\/uploads\/2013\/02\/piscina03-150x150.jpg\" class=\"attachment-thumbnail size-thumbnail\" alt=\"\" loading=\"lazy\" srcset=\"https:\/\/www.crocedelmoro.it\/home\/wp-content\/uploads\/2013\/02\/piscina03-150x150.jpg 150w, https:\/\/www.crocedelmoro.it\/home\/wp-content\/uploads\/2013\/02\/piscina03-50x50.jpg 50w\" sizes=\"(max-width: 150px) 100vw, 150px\" \/><\/a>\n\t\t\t<\/dt><\/dl><dl class='gallery-item'>\n\t\t\t<dt class='gallery-icon landscape'>\n\t\t\t\t<a href='https:\/\/www.crocedelmoro.it\/home\/wp-content\/uploads\/2013\/02\/piscina04.jpg'><img width=\"150\" height=\"150\" src=\"https:\/\/www.crocedelmoro.it\/home\/wp-content\/uploads\/2013\/02\/piscina04-150x150.jpg\" class=\"attachment-thumbnail size-thumbnail\" alt=\"\" loading=\"lazy\" srcset=\"https:\/\/www.crocedelmoro.it\/home\/wp-content\/uploads\/2013\/02\/piscina04-150x150.jpg 150w, https:\/\/www.crocedelmoro.it\/home\/wp-content\/uploads\/2013\/02\/piscina04-50x50.jpg 50w\" sizes=\"(max-width: 150px) 100vw, 150px\" \/><\/a>\n\t\t\t<\/dt><\/dl><dl class='gallery-item'>\n\t\t\t<dt class='gallery-icon landscape'>\n\t\t\t\t<a href='https:\/\/www.crocedelmoro.it\/home\/wp-content\/uploads\/2013\/02\/piscina05.jpg'><img width=\"150\" height=\"150\" src=\"https:\/\/www.crocedelmoro.it\/home\/wp-content\/uploads\/2013\/02\/piscina05-150x150.jpg\" class=\"attachment-thumbnail size-thumbnail\" alt=\"\" loading=\"lazy\" srcset=\"https:\/\/www.crocedelmoro.it\/home\/wp-content\/uploads\/2013\/02\/piscina05-150x150.jpg 150w, https:\/\/www.crocedelmoro.it\/home\/wp-content\/uploads\/2013\/02\/piscina05-50x50.jpg 50w\" sizes=\"(max-width: 150px) 100vw, 150px\" \/><\/a>\n\t\t\t<\/dt><\/dl><br style=\"clear: both\" \/><dl class='gallery-item'>\n\t\t\t<dt class='gallery-icon landscape'>\n\t\t\t\t<a href='https:\/\/www.crocedelmoro.it\/home\/wp-content\/uploads\/2013\/02\/piscina06.jpg'><img width=\"150\" height=\"150\" src=\"https:\/\/www.crocedelmoro.it\/home\/wp-content\/uploads\/2013\/02\/piscina06-150x150.jpg\" class=\"attachment-thumbnail size-thumbnail\" alt=\"\" loading=\"lazy\" srcset=\"https:\/\/www.crocedelmoro.it\/home\/wp-content\/uploads\/2013\/02\/piscina06-150x150.jpg 150w, https:\/\/www.crocedelmoro.it\/home\/wp-content\/uploads\/2013\/02\/piscina06-50x50.jpg 50w\" sizes=\"(max-width: 150px) 100vw, 150px\" \/><\/a>\n\t\t\t<\/dt><\/dl><dl class='gallery-item'>\n\t\t\t<dt class='gallery-icon landscape'>\n\t\t\t\t<a href='https:\/\/www.crocedelmoro.it\/home\/wp-content\/uploads\/2013\/02\/piscina07.jpg'><img width=\"150\" height=\"150\" src=\"https:\/\/www.crocedelmoro.it\/home\/wp-content\/uploads\/2013\/02\/piscina07-150x150.jpg\" class=\"attachment-thumbnail size-thumbnail\" alt=\"\" loading=\"lazy\" srcset=\"https:\/\/www.crocedelmoro.it\/home\/wp-content\/uploads\/2013\/02\/piscina07-150x150.jpg 150w, https:\/\/www.crocedelmoro.it\/home\/wp-content\/uploads\/2013\/02\/piscina07-50x50.jpg 50w\" sizes=\"(max-width: 150px) 100vw, 150px\" \/><\/a>\n\t\t\t<\/dt><\/dl>\n\t\t\t<br style='clear: both' \/>\n\t\t<\/div>\n\n","protected":false},"excerpt":{"rendered":"<p>Il Casale Il Ristorante Le Camere La Piscina Il Giardino Tutta la famiglia ha la possibilit\u00e0 di divertirsi all&#8217;agriturismo Croce del Moro. La struttura \u00e8 dotata di un&#8217;ampia piscina con varie profondit\u00e0 adatte a tutte le et\u00e0 e gradi di esperienza. Una bella piscina in mezzo alla natura e perfettamente in linea con l&#8217;atmosfera rilassante &#8230;<\/p>\n","protected":false},"author":3,"featured_media":0,"parent":249,"menu_order":0,"comment_status":"open","ping_status":"closed","template":"","meta":[],"yoast_head":"<!-- This site is optimized with the Yoast SEO plugin v16.7 - https:\/\/yoast.com\/wordpress\/plugins\/seo\/ -->\n<meta name=\"robots\" content=\"index, follow, max-snippet:-1, max-image-preview:large, max-video-preview:-1\" \/>\n<link rel=\"canonical\" href=\"https:\/\/www.crocedelmoro.it\/home\/?page_id=305\" \/>\n<meta property=\"og:locale\" content=\"it_IT\" \/>\n<meta property=\"og:type\" content=\"article\" \/>\n<meta property=\"og:title\" content=\"La Piscina - Croce del Moro\" \/>\n<meta property=\"og:description\" content=\"Il Casale Il Ristorante Le Camere La Piscina Il Giardino Tutta la famiglia ha la possibilit\u00e0 di divertirsi all&#8217;agriturismo Croce del Moro. La struttura \u00e8 dotata di un&#8217;ampia piscina con varie profondit\u00e0 adatte a tutte le et\u00e0 e gradi di esperienza. Una bella piscina in mezzo alla natura e perfettamente in linea con l&#8217;atmosfera rilassante ...\" \/>\n<meta property=\"og:url\" content=\"https:\/\/www.crocedelmoro.it\/home\/?page_id=305\" \/>\n<meta property=\"og:site_name\" content=\"Croce del Moro\" \/>\n<meta property=\"article:modified_time\" content=\"2013-02-13T08:47:50+00:00\" \/>\n<meta property=\"og:image\" content=\"https:\/\/www.crocedelmoro.it\/home\/wp-content\/uploads\/2013\/02\/piscina01-150x150.jpg\" \/>\n<script type=\"application\/ld+json\" class=\"yoast-schema-graph\">{\"@context\":\"https:\/\/schema.org\",\"@graph\":[{\"@type\":\"WebSite\",\"@id\":\"https:\/\/www.crocedelmoro.it\/home\/#website\",\"url\":\"https:\/\/www.crocedelmoro.it\/home\/\",\"name\":\"Croce del Moro\",\"description\":\"Azienda agrituristica\",\"potentialAction\":[{\"@type\":\"SearchAction\",\"target\":{\"@type\":\"EntryPoint\",\"urlTemplate\":\"https:\/\/www.crocedelmoro.it\/home\/?s={search_term_string}\"},\"query-input\":\"required name=search_term_string\"}],\"inLanguage\":\"it-IT\"},{\"@type\":\"WebPage\",\"@id\":\"https:\/\/www.crocedelmoro.it\/home\/?page_id=305#webpage\",\"url\":\"https:\/\/www.crocedelmoro.it\/home\/?page_id=305\",\"name\":\"La Piscina - Croce del Moro\",\"isPartOf\":{\"@id\":\"https:\/\/www.crocedelmoro.it\/home\/#website\"},\"datePublished\":\"2013-02-12T18:42:21+00:00\",\"dateModified\":\"2013-02-13T08:47:50+00:00\",\"breadcrumb\":{\"@id\":\"https:\/\/www.crocedelmoro.it\/home\/?page_id=305#breadcrumb\"},\"inLanguage\":\"it-IT\",\"potentialAction\":[{\"@type\":\"ReadAction\",\"target\":[\"https:\/\/www.crocedelmoro.it\/home\/?page_id=305\"]}]},{\"@type\":\"BreadcrumbList\",\"@id\":\"https:\/\/www.crocedelmoro.it\/home\/?page_id=305#breadcrumb\",\"itemListElement\":[{\"@type\":\"ListItem\",\"position\":1,\"name\":\"Il Casale\",\"item\":\"https:\/\/www.crocedelmoro.it\/home\/?page_id=249\"},{\"@type\":\"ListItem\",\"position\":2,\"name\":\"La Piscina\"}]}]}<\/script>\n<!-- \/ Yoast SEO plugin. -->","yoast_head_json":{"robots":{"index":"index","follow":"follow","max-snippet":"max-snippet:-1","max-image-preview":"max-image-preview:large","max-video-preview":"max-video-preview:-1"},"canonical":"https:\/\/www.crocedelmoro.it\/home\/?page_id=305","og_locale":"it_IT","og_type":"article","og_title":"La Piscina - Croce del Moro","og_description":"Il Casale Il Ristorante Le Camere La Piscina Il Giardino Tutta la famiglia ha la possibilit\u00e0 di divertirsi all&#8217;agriturismo Croce del Moro. La struttura \u00e8 dotata di un&#8217;ampia piscina con varie profondit\u00e0 adatte a tutte le et\u00e0 e gradi di esperienza. Una bella piscina in mezzo alla natura e perfettamente in linea con l&#8217;atmosfera rilassante ...","og_url":"https:\/\/www.crocedelmoro.it\/home\/?page_id=305","og_site_name":"Croce del Moro","article_modified_time":"2013-02-13T08:47:50+00:00","og_image":[{"url":"https:\/\/www.crocedelmoro.it\/home\/wp-content\/uploads\/2013\/02\/piscina01-150x150.jpg"}],"schema":{"@context":"https:\/\/schema.org","@graph":[{"@type":"WebSite","@id":"https:\/\/www.crocedelmoro.it\/home\/#website","url":"https:\/\/www.crocedelmoro.it\/home\/","name":"Croce del Moro","description":"Azienda agrituristica","potentialAction":[{"@type":"SearchAction","target":{"@type":"EntryPoint","urlTemplate":"https:\/\/www.crocedelmoro.it\/home\/?s={search_term_string}"},"query-input":"required name=search_term_string"}],"inLanguage":"it-IT"},{"@type":"WebPage","@id":"https:\/\/www.crocedelmoro.it\/home\/?page_id=305#webpage","url":"https:\/\/www.crocedelmoro.it\/home\/?page_id=305","name":"La Piscina - Croce del Moro","isPartOf":{"@id":"https:\/\/www.crocedelmoro.it\/home\/#website"},"datePublished":"2013-02-12T18:42:21+00:00","dateModified":"2013-02-13T08:47:50+00:00","breadcrumb":{"@id":"https:\/\/www.crocedelmoro.it\/home\/?page_id=305#breadcrumb"},"inLanguage":"it-IT","potentialAction":[{"@type":"ReadAction","target":["https:\/\/www.crocedelmoro.it\/home\/?page_id=305"]}]},{"@type":"BreadcrumbList","@id":"https:\/\/www.crocedelmoro.it\/home\/?page_id=305#breadcrumb","itemListElement":[{"@type":"ListItem","position":1,"name":"Il Casale","item":"https:\/\/www.crocedelmoro.it\/home\/?page_id=249"},{"@type":"ListItem","position":2,"name":"La Piscina"}]}]}},"_links":{"self":[{"href":"https:\/\/www.crocedelmoro.it\/home\/index.php?rest_route=\/wp\/v2\/pages\/305"}],"collection":[{"href":"https:\/\/www.crocedelmoro.it\/home\/index.php?rest_route=\/wp\/v2\/pages"}],"about":[{"href":"https:\/\/www.crocedelmoro.it\/home\/index.php?rest_route=\/wp\/v2\/types\/page"}],"author":[{"embeddable":true,"href":"https:\/\/www.crocedelmoro.it\/home\/index.php?rest_route=\/wp\/v2\/users\/3"}],"replies":[{"embeddable":true,"href":"https:\/\/www.crocedelmoro.it\/home\/index.php?rest_route=%2Fwp%2Fv2%2Fcomments&post=305"}],"version-history":[{"count":6,"href":"https:\/\/www.crocedelmoro.it\/home\/index.php?rest_route=\/wp\/v2\/pages\/305\/revisions"}],"predecessor-version":[{"id":620,"href":"https:\/\/www.crocedelmoro.it\/home\/index.php?rest_route=\/wp\/v2\/pages\/305\/revisions\/620"}],"up":[{"embeddable":true,"href":"https:\/\/www.crocedelmoro.it\/home\/index.php?rest_route=\/wp\/v2\/pages\/249"}],"wp:attachment":[{"href":"https:\/\/www.crocedelmoro.it\/home\/index.php?rest_route=%2Fwp%2Fv2%2Fmedia&parent=305"}],"curies":[{"name":"wp","href":"https:\/\/api.w.org\/{rel}","templated":true}]}}